{"id":13323,"date":"2022-02-21T14:31:16","date_gmt":"2022-02-21T13:31:16","guid":{"rendered":"https:\/\/special-covers.com\/?page_id=13323"},"modified":"2026-01-20T22:55:25","modified_gmt":"2026-01-20T21:55:25","slug":"navody-k-pouziti","status":"publish","type":"page","link":"https:\/\/special-covers.com\/en\/navody-k-pouziti\/","title":{"rendered":"Instructions for Use"},"content":{"rendered":"<div data-elementor-type=\"wp-page\" data-elementor-id=\"13323\" class=\"elementor elementor-13323\" data-elementor-post-type=\"page\">\n\t\t\t\t\t\t<section class=\"elementor-section elementor-top-section elementor-element elementor-element-e51b55a elementor-section-full_width elementor-section-height-default elementor-section-height-default\" data-id=\"e51b55a\" data-element_type=\"section\" data-e-type=\"section\">\n\t\t\t\t\t\t<div class=\"elementor-container elementor-column-gap-no\">\n\t\t\t\t\t<div class=\"elementor-column elementor-col-100 elementor-top-column elementor-element elementor-element-a2b4e55\" data-id=\"a2b4e55\" data-element_type=\"column\" data-e-type=\"column\">\n\t\t\t<div class=\"elementor-widget-wrap elementor-element-populated\">\n\t\t\t\t\t\t<div class=\"elementor-element elementor-element-33be412 elementor--h-position-left elementor--v-position-top elementor-widget elementor-widget-slides\" data-id=\"33be412\" data-element_type=\"widget\" data-e-type=\"widget\" data-settings=\"{&quot;navigation&quot;:&quot;none&quot;,&quot;autoplay&quot;:&quot;yes&quot;,&quot;pause_on_hover&quot;:&quot;yes&quot;,&quot;pause_on_interaction&quot;:&quot;yes&quot;,&quot;autoplay_speed&quot;:5000,&quot;infinite&quot;:&quot;yes&quot;,&quot;transition&quot;:&quot;slide&quot;,&quot;transition_speed&quot;:500}\" data-widget_type=\"slides.default\">\n\t\t\t\t<div class=\"elementor-widget-container\">\n\t\t\t\t\t\t\t\t\t<div class=\"elementor-swiper\">\n\t\t\t\t\t<div class=\"elementor-slides-wrapper elementor-main-swiper swiper\" role=\"region\" aria-roledescription=\"carousel\" aria-label=\"Slides\" dir=\"ltr\" data-animation=\"\">\n\t\t\t\t<div class=\"swiper-wrapper elementor-slides\">\n\t\t\t\t\t\t\t\t\t\t<div class=\"elementor-repeater-item-33540e0 swiper-slide\" role=\"group\" aria-roledescription=\"slide\"><div class=\"swiper-slide-bg\" role=\"img\" aria-label=\"CLASSIC univerz\u00e1ln\u00ed interi\u00e9rov\u00e1 plachta_Banner8\"><\/div><div class=\"swiper-slide-inner\" ><div class=\"swiper-slide-contents\"><div class=\"elementor-slide-heading\">Instructions for Use<\/div><\/div><\/div><\/div>\t\t\t\t<\/div>\n\t\t\t\t\t\t\t<\/div>\n\t\t\t\t<\/div>\n\t\t\t\t\t\t\t\t<\/div>\n\t\t\t\t<\/div>\n\t\t\t\t\t<\/div>\n\t\t<\/div>\n\t\t\t\t\t<\/div>\n\t\t<\/section>\n\t\t\t\t<section class=\"elementor-section elementor-top-section elementor-element elementor-element-4ad2f1a elementor-section-boxed elementor-section-height-default elementor-section-height-default\" data-id=\"4ad2f1a\" data-element_type=\"section\" data-e-type=\"section\">\n\t\t\t\t\t\t<div class=\"elementor-container elementor-column-gap-default\">\n\t\t\t\t\t<div class=\"elementor-column elementor-col-100 elementor-top-column elementor-element elementor-element-e282fc6\" data-id=\"e282fc6\" data-element_type=\"column\" data-e-type=\"column\">\n\t\t\t<div class=\"elementor-widget-wrap elementor-element-populated\">\n\t\t\t\t\t\t<div class=\"elementor-element elementor-element-13c3611 elementor-widget elementor-widget-bdt-accordion\" data-id=\"13c3611\" data-element_type=\"widget\" data-e-type=\"widget\" data-widget_type=\"bdt-accordion.default\">\n\t\t\t\t<div class=\"elementor-widget-container\">\n\t\t\t\t\t        <div class=\"bdt-ep-accordion-container\">\r\n            <div id=\"bdt-ep-accordion-13c3611\" class=\"bdt-ep-accordion bdt-accordion\" data-bdt-accordion=\"{&quot;collapsible&quot;:true,&quot;multiple&quot;:false,&quot;transition&quot;:&quot;ease-in-out&quot;}\" data-settings=\"{&quot;id&quot;:&quot;bdt-ep-accordion-13c3611&quot;,&quot;activeHash&quot;:&quot;&quot;,&quot;activeScrollspy&quot;:null,&quot;hashTopOffset&quot;:false,&quot;hashScrollspyTime&quot;:false}\">\r\n                                    <div class=\"bdt-ep-accordion-item\">\r\n                        <div class=\"bdt-ep-accordion-title bdt-accordion-title bdt-flex bdt-flex-middle bdt-flex-between\" id=\"bdt-ep-accordion-jak-sprvn-nasadit-plachtu\" data-accordion-index=\"0\" data-title=\"jak-spr-vn-nasadit-plachtu\" role=\"heading\">\r\n\r\n                                                            <span class=\"bdt-ep-accordion-icon bdt-flex-align-right\" aria-hidden=\"true\">\r\n\r\n                                                                            <span class=\"bdt-ep-accordion-icon-closed\">\r\n                                            <i aria-hidden=\"true\" class=\"fa-fw fas fa-angle-down\"><\/i>                                        <\/span>\r\n                                    \r\n                                                                            <span class=\"bdt-ep-accordion-icon-opened\">\r\n                                            <i aria-hidden=\"true\" class=\"fa-fw fas fa-angle-up\"><\/i>                                        <\/span>\r\n                                    \r\n                                <\/span>\r\n                            \r\n                            <span class=\"bdt-ep-title-text bdt-flex bdt-flex-middle\">\r\n\r\n                                                                How to put the cover on correctly?                            <\/span>\r\n\r\n                        <\/div>\r\n                        <div class=\"bdt-ep-accordion-content bdt-accordion-content\">\r\n                            <p>Plachtu nasazujte v\u017edy na <b>\u010dist\u00e9 a vychladl\u00e9<\/b> vozidlo.<\/p><ol><li><strong>Vyjm\u011bte plachtu<\/strong> z \u00falo\u017en\u00e9ho vaku <strong>a rozlo\u017ete<\/strong><strong> ji<\/strong> p\u0159es automobil.<\/li><\/ol><ol><li style=\"list-style-type: none;\"><ul><li>Vnit\u0159n\u00ed m\u011bkk\u00e1 fleecov\u00e1 pod\u0161\u00edvka m\u011b\u0159uje ke karoserii.<\/li><li>P\u0159edn\u00ed \u010d\u00e1st rozezn\u00e1te pomoc\u00ed etiket v\u0161it\u00fdch z rubov\u00e9 strany.<\/li><\/ul><\/li><li><b>Vycentrujte plachtu<\/b> &#8211; pod\u00e9ln\u00e9 \u0161vy v oblasti st\u0159echy v\u00e1m napov\u00ed, zdali nen\u00ed p\u0159eta\u017eena k jedn\u00e9 \u010di druh\u00e9 stran\u011b.<span class=\"apple-converted-space\">\u00a0<\/span><\/li><li><b>Nasa\u010fte <\/b><b>kapsy na bo\u010dn\u00ed zp\u011btn\u00e1 zrc\u00e1tka<\/b>,<span class=\"apple-converted-space\">\u00a0<\/span>jsou-li sou\u010d\u00e1st\u00ed st\u0159ihu<span class=\"apple-converted-space\">.\u00a0<\/span><ul><li>U voz\u016f s v\u00fdrazn\u00fdm zadn\u00edm spoilerem &#8211; typick\u00fdm pro vozy Porsche &#8211; m\u00edvaj\u00ed st\u0159ihy na m\u00edru kapsu spoileru. V takov\u00fdch p\u0159\u00edpadech <b>za\u010dn\u011bte nasazen\u00edm kapsy spoileru<\/b>, a\u017e pot\u00e9 pokra\u010dujte bo\u010dn\u00edmi zrc\u00e1tky.<\/li><\/ul><\/li><li>Uchopte spodn\u00ed elastick\u00fd lem vp\u0159edu a<strong> zafixujte plachtu pod p\u0159edn\u00ed n\u00e1razn\u00edk.<\/strong><ul><li style=\"font-weight: 400;\">Stejn\u00fd postup opakujte v\u00a0zadn\u00ed \u010d\u00e1sti vozu.\u00a0<\/li><\/ul><\/li><li><b>Vyhla\u010fte p\u0159ebyte\u010dn\u00e1 na\u0159asen\u00ed<\/b><span class=\"apple-converted-space\">\u00a0\u2013 plachtu <\/span>povyt\u00e1hn\u011bte za spodn\u00ed okraj a st\u00e1hn\u011bte pod n\u00e1razn\u00edky, ide\u00e1ln\u011b v roz\u00edch automobilu.<\/li><li><b>V\u00a0siln\u00e9m v\u011btru<\/b> (u exteri\u00e9rov\u00fdch plachet) <b>pou\u017eijte fixa\u010dn\u00ed popruh:<\/b><ul><li>Podvl\u00e9kn\u011bte jej nap\u0159\u00ed\u010d pod vozem,<\/li><li>zacvakn\u011bte spony a pevn\u011b dot\u00e1hn\u011bte.<\/li><\/ul><\/li><\/ol><ol><li style=\"list-style-type: none;\">\u00a0<\/li><\/ol>                        <\/div>\r\n                    <\/div>\r\n                                    <div class=\"bdt-ep-accordion-item\">\r\n                        <div class=\"bdt-ep-accordion-title bdt-accordion-title bdt-flex bdt-flex-middle bdt-flex-between\" id=\"bdt-ep-accordion-jak-sprvn-sbalit-plachtu\" data-accordion-index=\"1\" data-title=\"jak-spr-vn-sbalit-plachtu\" role=\"heading\">\r\n\r\n                                                            <span class=\"bdt-ep-accordion-icon bdt-flex-align-right\" aria-hidden=\"true\">\r\n\r\n                                                                            <span class=\"bdt-ep-accordion-icon-closed\">\r\n                                            <i aria-hidden=\"true\" class=\"fa-fw fas fa-angle-down\"><\/i>                                        <\/span>\r\n                                    \r\n                                                                            <span class=\"bdt-ep-accordion-icon-opened\">\r\n                                            <i aria-hidden=\"true\" class=\"fa-fw fas fa-angle-up\"><\/i>                                        <\/span>\r\n                                    \r\n                                <\/span>\r\n                            \r\n                            <span class=\"bdt-ep-title-text bdt-flex bdt-flex-middle\">\r\n\r\n                                                                How to pack the cover correctly?                            <\/span>\r\n\r\n                        <\/div>\r\n                        <div class=\"bdt-ep-accordion-content bdt-accordion-content\">\r\n                            <p style=\"font-weight: 400;\">P\u0159i sbalen\u00ed postupujte v\u00a0opa\u010dn\u00e9m po\u0159ad\u00ed krok\u016f, ne\u017e jak\u00e9 jste pou\u017eili p\u0159i nasazen\u00ed.<\/p><ol><li><strong>Uvoln\u011bte plachtu<\/strong> zpod zadn\u00edho, n\u00e1sledn\u011b p\u0159edn\u00edho n\u00e1razn\u00edku, st\u00e1hn\u011bte kapsy z\u00a0bo\u010dn\u00edch zp\u011btn\u00fdch zrc\u00e1tek a p\u0159\u00edpadn\u011b ze zadn\u00edho spoileru.<\/li><li><strong>Vytvo\u0159te pod\u00e9ln\u00fd p\u00e1s<\/strong>\u00a0t\u00e1hnouc\u00ed se p\u0159es kapotu, st\u0159echu a kufr vozu:<br \/><ul style=\"font-weight: 400;\"><li>Lev\u00fd bo\u010dn\u00ed d\u00edl plachty p\u0159eho\u010fte p\u0159es levou \u010d\u00e1st kapoty, st\u0159echy a kufru vozu (rubem vzh\u016fru).<\/li><li>Stejn\u00fd postup opakujte s pravou stranou.<\/li><li>Oba bo\u010dn\u00ed d\u00edly je\u0161t\u011b 1-2x p\u0159elo\u017ete tak, abyste nep\u0159es\u00e1hli \u0161\u00ed\u0159i \u00falo\u017en\u00e9ho vaku.<\/li><\/ul><\/li><li><strong>Sbalte plachtu<\/strong> &#8211; p\u0159istupte k masce chladi\u010de a pod\u00e9ln\u00fd p\u00e1s na kapot\u011b postupn\u011b skl\u00e1dejte.<ul><li>Plachta se karoserie vozu dot\u00fdk\u00e1 v\u017edy a pouze vnit\u0159n\u00ed \u010distou, m\u011bkkou fleecovou pod\u0161\u00edvkou.<\/li><li>POZOR: U star\u0161\u00edch voz\u016f m\u016f\u017ee doj\u00edt k zachycen\u00ed tkaniny o ostr\u00e9 hrany st\u011bra\u010d\u016f a trysek ost\u0159ikova\u010d\u016f.<\/li><\/ul><\/li><li><strong>Ulo\u017ete plachtu<\/strong> do \u00falo\u017en\u00e9ho vaku.<\/li><li>P\u0159i op\u011btovn\u00e9m nasazen\u00ed<strong>\u00a0rozbalte plachtu od zadn\u00ed \u010d\u00e1sti vozu sm\u011brem dop\u0159edu.<\/strong><\/li><\/ol><p>\u00a0<\/p><p style=\"font-weight: 400;\">Dodr\u017een\u00edm tohoto postupu minimalizujete nam\u00e1h\u00e1n\u00ed \u0161v\u016f a usnadn\u00edte si manipulaci.<\/p>                        <\/div>\r\n                    <\/div>\r\n                            <\/div>\r\n        <\/div>\r\n    \t\t\t\t<\/div>\n\t\t\t\t<\/div>\n\t\t\t\t\t<\/div>\n\t\t<\/div>\n\t\t\t\t\t<\/div>\n\t\t<\/section>\n\t\t\t\t<section class=\"elementor-section elementor-top-section elementor-element elementor-element-2b18ddd elementor-section-boxed elementor-section-height-default elementor-section-height-default\" data-id=\"2b18ddd\" data-element_type=\"section\" data-e-type=\"section\">\n\t\t\t\t\t\t<div class=\"elementor-container elementor-column-gap-default\">\n\t\t\t\t\t<div class=\"elementor-column elementor-col-100 elementor-top-column elementor-element elementor-element-38cc7ad\" data-id=\"38cc7ad\" data-element_type=\"column\" data-e-type=\"column\">\n\t\t\t<div class=\"elementor-widget-wrap elementor-element-populated\">\n\t\t\t\t\t\t<div class=\"elementor-element elementor-element-9c15e0c elementor-widget elementor-widget-text-editor\" data-id=\"9c15e0c\" data-element_type=\"widget\" data-e-type=\"widget\" data-widget_type=\"text-editor.default\">\n\t\t\t\t<div class=\"elementor-widget-container\">\n\t\t\t\t\t\t\t\t\t<p style=\"text-align: left;\">The video tutorial below demonstrates the correct procedure for installation and packing your sail. Following these steps will make handling easier, save time, and ensure that the cover is always ready for easy put on once removed from its storage bag.<\/p>\t\t\t\t\t\t\t\t<\/div>\n\t\t\t\t<\/div>\n\t\t\t\t<div class=\"elementor-element elementor-element-ad6de86 elementor-widget elementor-widget-video\" data-id=\"ad6de86\" data-element_type=\"widget\" data-e-type=\"widget\" data-settings=\"{&quot;youtube_url&quot;:&quot;https:\\\/\\\/www.youtube.com\\\/watch?v=bDj0KJR-BE0&quot;,&quot;video_type&quot;:&quot;youtube&quot;,&quot;controls&quot;:&quot;yes&quot;}\" data-widget_type=\"video.default\">\n\t\t\t\t<div class=\"elementor-widget-container\">\n\t\t\t\t\t\t\t<div class=\"elementor-wrapper elementor-open-inline\">\n\t\t\t<div class=\"elementor-video\"><\/div>\t\t<\/div>\n\t\t\t\t\t\t<\/div>\n\t\t\t\t<\/div>\n\t\t\t\t\t<\/div>\n\t\t<\/div>\n\t\t\t\t\t<\/div>\n\t\t<\/section>\n\t\t\t\t<section class=\"elementor-section elementor-top-section elementor-element elementor-element-33725dd elementor-section-boxed elementor-section-height-default elementor-section-height-default\" data-id=\"33725dd\" data-element_type=\"section\" data-e-type=\"section\">\n\t\t\t\t\t\t<div class=\"elementor-container elementor-column-gap-no\">\n\t\t\t\t\t<div class=\"elementor-column elementor-col-50 elementor-top-column elementor-element elementor-element-a1b9727\" data-id=\"a1b9727\" data-element_type=\"column\" data-e-type=\"column\">\n\t\t\t<div class=\"elementor-widget-wrap\">\n\t\t\t\t\t\t\t<\/div>\n\t\t<\/div>\n\t\t\t\t<div class=\"elementor-column elementor-col-50 elementor-top-column elementor-element elementor-element-4da700e elementor-hidden-desktop elementor-hidden-tablet elementor-hidden-mobile\" data-id=\"4da700e\" data-element_type=\"column\" data-e-type=\"column\">\n\t\t\t<div class=\"elementor-widget-wrap elementor-element-populated\">\n\t\t\t\t\t\t<div class=\"elementor-element elementor-element-ddef3a2 elementor-widget elementor-widget-video\" data-id=\"ddef3a2\" data-element_type=\"widget\" data-e-type=\"widget\" data-settings=\"{&quot;youtube_url&quot;:&quot;https:\\\/\\\/www.youtube.com\\\/watch?v=omVBFDCm7F8&quot;,&quot;video_type&quot;:&quot;youtube&quot;,&quot;controls&quot;:&quot;yes&quot;}\" data-widget_type=\"video.default\">\n\t\t\t\t<div class=\"elementor-widget-container\">\n\t\t\t\t\t\t\t<div class=\"elementor-wrapper elementor-open-inline\">\n\t\t\t<div class=\"elementor-video\"><\/div>\t\t<\/div>\n\t\t\t\t\t\t<\/div>\n\t\t\t\t<\/div>\n\t\t\t\t<div class=\"elementor-element elementor-element-cafe4e5 elementor-widget elementor-widget-text-editor\" data-id=\"cafe4e5\" data-element_type=\"widget\" data-e-type=\"widget\" data-widget_type=\"text-editor.default\">\n\t\t\t\t<div class=\"elementor-widget-container\">\n\t\t\t\t\t\t\t\t\t<p>PREMIUM custom exterior tarpaulin<\/p>\t\t\t\t\t\t\t\t<\/div>\n\t\t\t\t<\/div>\n\t\t\t\t\t<\/div>\n\t\t<\/div>\n\t\t\t\t\t<\/div>\n\t\t<\/section>\n\t\t\t\t<section class=\"elementor-section elementor-top-section elementor-element elementor-element-8ba0115 elementor-section-boxed elementor-section-height-default elementor-section-height-default\" data-id=\"8ba0115\" data-element_type=\"section\" data-e-type=\"section\">\n\t\t\t\t\t\t<div class=\"elementor-container elementor-column-gap-no\">\n\t\t\t\t\t<div class=\"elementor-column elementor-col-50 elementor-top-column elementor-element elementor-element-051eeb7 elementor-hidden-desktop elementor-hidden-tablet elementor-hidden-mobile\" data-id=\"051eeb7\" data-element_type=\"column\" data-e-type=\"column\">\n\t\t\t<div class=\"elementor-widget-wrap elementor-element-populated\">\n\t\t\t\t\t\t<div class=\"elementor-element elementor-element-d62a782 elementor-widget elementor-widget-video\" data-id=\"d62a782\" data-element_type=\"widget\" data-e-type=\"widget\" data-settings=\"{&quot;youtube_url&quot;:&quot;https:\\\/\\\/www.youtube.com\\\/watch?v=GjjEMeCQOzw&quot;,&quot;video_type&quot;:&quot;youtube&quot;,&quot;controls&quot;:&quot;yes&quot;}\" data-widget_type=\"video.default\">\n\t\t\t\t<div class=\"elementor-widget-container\">\n\t\t\t\t\t\t\t<div class=\"elementor-wrapper elementor-open-inline\">\n\t\t\t<div class=\"elementor-video\"><\/div>\t\t<\/div>\n\t\t\t\t\t\t<\/div>\n\t\t\t\t<\/div>\n\t\t\t\t<div class=\"elementor-element elementor-element-6b858df elementor-widget elementor-widget-text-editor\" data-id=\"6b858df\" data-element_type=\"widget\" data-e-type=\"widget\" data-widget_type=\"text-editor.default\">\n\t\t\t\t<div class=\"elementor-widget-container\">\n\t\t\t\t\t\t\t\t\t<p>CLASSIC universal interior tarpaulin<\/p>\t\t\t\t\t\t\t\t<\/div>\n\t\t\t\t<\/div>\n\t\t\t\t\t<\/div>\n\t\t<\/div>\n\t\t\t\t<div class=\"elementor-column elementor-col-50 elementor-top-column elementor-element elementor-element-c9f07bf elementor-hidden-desktop elementor-hidden-tablet elementor-hidden-mobile\" data-id=\"c9f07bf\" data-element_type=\"column\" data-e-type=\"column\">\n\t\t\t<div class=\"elementor-widget-wrap elementor-element-populated\">\n\t\t\t\t\t\t<div class=\"elementor-element elementor-element-9889555 elementor-widget elementor-widget-video\" data-id=\"9889555\" data-element_type=\"widget\" data-e-type=\"widget\" data-settings=\"{&quot;youtube_url&quot;:&quot;https:\\\/\\\/www.youtube.com\\\/watch?v=JM5U9a9yDdI&quot;,&quot;video_type&quot;:&quot;youtube&quot;,&quot;controls&quot;:&quot;yes&quot;}\" data-widget_type=\"video.default\">\n\t\t\t\t<div class=\"elementor-widget-container\">\n\t\t\t\t\t\t\t<div class=\"elementor-wrapper elementor-open-inline\">\n\t\t\t<div class=\"elementor-video\"><\/div>\t\t<\/div>\n\t\t\t\t\t\t<\/div>\n\t\t\t\t<\/div>\n\t\t\t\t<div class=\"elementor-element elementor-element-6ca877c elementor-widget elementor-widget-text-editor\" data-id=\"6ca877c\" data-element_type=\"widget\" data-e-type=\"widget\" data-widget_type=\"text-editor.default\">\n\t\t\t\t<div class=\"elementor-widget-container\">\n\t\t\t\t\t\t\t\t\t<p>CLASSIC universal exterior tarpaulin<\/p>\t\t\t\t\t\t\t\t<\/div>\n\t\t\t\t<\/div>\n\t\t\t\t\t<\/div>\n\t\t<\/div>\n\t\t\t\t\t<\/div>\n\t\t<\/section>\n\t\t\t\t<section class=\"elementor-section elementor-top-section elementor-element elementor-element-18e89c4 elementor-hidden-desktop elementor-hidden-tablet elementor-hidden-mobile elementor-section-boxed elementor-section-height-default elementor-section-height-default\" data-id=\"18e89c4\" data-element_type=\"section\" data-e-type=\"section\">\n\t\t\t\t\t\t<div class=\"elementor-container elementor-column-gap-no\">\n\t\t\t\t\t<div class=\"elementor-column elementor-col-50 elementor-top-column elementor-element elementor-element-da4bbc8\" data-id=\"da4bbc8\" data-element_type=\"column\" data-e-type=\"column\">\n\t\t\t<div class=\"elementor-widget-wrap elementor-element-populated\">\n\t\t\t\t\t\t<div class=\"elementor-element elementor-element-a476878 elementor-cta--valign-top elementor-cta--layout-image-above elementor-cta--skin-classic elementor-widget elementor-widget-call-to-action\" data-id=\"a476878\" data-element_type=\"widget\" data-e-type=\"widget\" data-widget_type=\"call-to-action.default\">\n\t\t\t\t<div class=\"elementor-widget-container\">\n\t\t\t\t\t\t\t<div class=\"elementor-cta\">\n\t\t\t\t\t\t\t<div class=\"elementor-cta__content\">\n\t\t\t\t\n\t\t\t\t\t\t\t\t\t<div class=\"elementor-cta__title elementor-cta__content-item elementor-content-item\">\n\t\t\t\t\t\tDisclosure\t\t\t\t\t<\/div>\n\t\t\t\t\n\t\t\t\t\t\t\t\t\t<div class=\"elementor-cta__description elementor-cta__content-item elementor-content-item\">\n\t\t\t\t\t\tThe indoor car cover is designed for indoor use. It is not waterproof and will get wet. However, if you park your car outdoors in a covered, dry spot that is sheltered from the wind, using an indoor car cover is one possible solution.\t\t\t\t\t<\/div>\n\t\t\t\t\n\t\t\t\t\t\t\t<\/div>\n\t\t\t\t\t\t<\/div>\n\t\t\t\t\t\t<\/div>\n\t\t\t\t<\/div>\n\t\t\t\t\t<\/div>\n\t\t<\/div>\n\t\t\t\t<div class=\"elementor-column elementor-col-50 elementor-top-column elementor-element elementor-element-7b6bb27\" data-id=\"7b6bb27\" data-element_type=\"column\" data-e-type=\"column\">\n\t\t\t<div class=\"elementor-widget-wrap\">\n\t\t\t\t\t\t\t<\/div>\n\t\t<\/div>\n\t\t\t\t\t<\/div>\n\t\t<\/section>\n\t\t\t\t<section class=\"elementor-section elementor-top-section elementor-element elementor-element-2482942 elementor-hidden-desktop elementor-hidden-tablet elementor-hidden-mobile elementor-section-boxed elementor-section-height-default elementor-section-height-default\" data-id=\"2482942\" data-element_type=\"section\" data-e-type=\"section\">\n\t\t\t\t\t\t<div class=\"elementor-container elementor-column-gap-no\">\n\t\t\t\t\t<div class=\"elementor-column elementor-col-50 elementor-top-column elementor-element elementor-element-a8edaea\" data-id=\"a8edaea\" data-element_type=\"column\" data-e-type=\"column\">\n\t\t\t<div class=\"elementor-widget-wrap elementor-element-populated\">\n\t\t\t\t\t\t<div class=\"elementor-element elementor-element-919bb7d elementor-cta--valign-top elementor-cta--layout-image-above elementor-cta--skin-classic elementor-widget elementor-widget-call-to-action\" data-id=\"919bb7d\" data-element_type=\"widget\" data-e-type=\"widget\" data-widget_type=\"call-to-action.default\">\n\t\t\t\t<div class=\"elementor-widget-container\">\n\t\t\t\t\t\t\t<div class=\"elementor-cta\">\n\t\t\t\t\t\t\t<div class=\"elementor-cta__content\">\n\t\t\t\t\n\t\t\t\t\t\t\t\t\t<div class=\"elementor-cta__title elementor-cta__content-item elementor-content-item\">\n\t\t\t\t\t\tEmotion\t\t\t\t\t<\/div>\n\t\t\t\t\n\t\t\t\t\t\t\t\t\t<div class=\"elementor-cta__description elementor-cta__content-item elementor-content-item\">\n\t\t\t\t\t\tThe indoor car cover is designed for indoor use. It is not waterproof and will get wet. However, if you park your car outdoors in a covered, dry spot that is sheltered from the wind, using an indoor car cover is one possible solution.\t\t\t\t\t<\/div>\n\t\t\t\t\n\t\t\t\t\t\t\t<\/div>\n\t\t\t\t\t\t<\/div>\n\t\t\t\t\t\t<\/div>\n\t\t\t\t<\/div>\n\t\t\t\t\t<\/div>\n\t\t<\/div>\n\t\t\t\t<div class=\"elementor-column elementor-col-50 elementor-top-column elementor-element elementor-element-b69e55d\" data-id=\"b69e55d\" data-element_type=\"column\" data-e-type=\"column\">\n\t\t\t<div class=\"elementor-widget-wrap elementor-element-populated\">\n\t\t\t\t\t\t<div class=\"elementor-element elementor-element-be88d71 elementor-cta--valign-top elementor-cta--layout-image-above elementor-cta--skin-classic elementor-widget elementor-widget-call-to-action\" data-id=\"be88d71\" data-element_type=\"widget\" data-e-type=\"widget\" data-widget_type=\"call-to-action.default\">\n\t\t\t\t<div class=\"elementor-widget-container\">\n\t\t\t\t\t\t\t<div class=\"elementor-cta\">\n\t\t\t\t\t\t\t<div class=\"elementor-cta__content\">\n\t\t\t\t\n\t\t\t\t\t\t\t\t\t<div class=\"elementor-cta__title elementor-cta__content-item elementor-content-item\">\n\t\t\t\t\t\tInnovation\t\t\t\t\t<\/div>\n\t\t\t\t\n\t\t\t\t\t\t\t\t\t<div class=\"elementor-cta__description elementor-cta__content-item elementor-content-item\">\n\t\t\t\t\t\tThe outdoor cover is designed for outdoor use. Its multi-layered, waterproof construction and high weight allow moisture and condensation to pass through slightly more slowly than with an indoor cover. Reinforced double stitching or securing straps serve no purpose in indoor spaces. However, if you are looking for a cover for both indoor and outdoor use, an outdoor cover is the only suitable option.\t\t\t\t\t<\/div>\n\t\t\t\t\n\t\t\t\t\t\t\t<\/div>\n\t\t\t\t\t\t<\/div>\n\t\t\t\t\t\t<\/div>\n\t\t\t\t<\/div>\n\t\t\t\t\t<\/div>\n\t\t<\/div>\n\t\t\t\t\t<\/div>\n\t\t<\/section>\n\t\t\t\t<\/div>","protected":false},"excerpt":{"rendered":"<p>N\u00e1vody k pou\u017eit\u00ed Jak spr\u00e1vn\u011b nasadit plachtu? Plachtu nasazujte v\u017edy na \u010dist\u00e9 a vychladl\u00e9 vozidlo. Vyjm\u011bte plachtu z \u00falo\u017en\u00e9ho vaku a rozlo\u017ete ji p\u0159es automobil. Vnit\u0159n\u00ed m\u011bkk\u00e1 fleecov\u00e1 pod\u0161\u00edvka m\u011b\u0159uje ke karoserii. P\u0159edn\u00ed \u010d\u00e1st rozezn\u00e1te pomoc\u00ed etiket v\u0161it\u00fdch z rubov\u00e9 strany. Vycentrujte plachtu &#8211; pod\u00e9ln\u00e9 \u0161vy v oblasti st\u0159echy v\u00e1m napov\u00ed, zdali nen\u00ed p\u0159eta\u017eena k [&hellip;]<\/p>","protected":false},"author":1,"featured_media":0,"parent":0,"menu_order":0,"comment_status":"closed","ping_status":"closed","template":"","meta":{"footnotes":""},"class_list":["post-13323","page","type-page","status-publish","hentry"],"_links":{"self":[{"href":"https:\/\/special-covers.com\/en\/wp-json\/wp\/v2\/pages\/13323","targetHints":{"allow":["GET"]}}],"collection":[{"href":"https:\/\/special-covers.com\/en\/wp-json\/wp\/v2\/pages"}],"about":[{"href":"https:\/\/special-covers.com\/en\/wp-json\/wp\/v2\/types\/page"}],"author":[{"embeddable":true,"href":"https:\/\/special-covers.com\/en\/wp-json\/wp\/v2\/users\/1"}],"replies":[{"embeddable":true,"href":"https:\/\/special-covers.com\/en\/wp-json\/wp\/v2\/comments?post=13323"}],"version-history":[{"count":0,"href":"https:\/\/special-covers.com\/en\/wp-json\/wp\/v2\/pages\/13323\/revisions"}],"wp:attachment":[{"href":"https:\/\/special-covers.com\/en\/wp-json\/wp\/v2\/media?parent=13323"}],"curies":[{"name":"wp","href":"https:\/\/api.w.org\/{rel}","templated":true}]}}