{"id":13321,"date":"2022-02-21T14:30:50","date_gmt":"2022-02-21T13:30:50","guid":{"rendered":"https:\/\/special-covers.com\/?page_id=13321"},"modified":"2022-03-15T12:52:41","modified_gmt":"2022-03-15T11:52:41","slug":"gdpr","status":"publish","type":"page","link":"https:\/\/special-covers.com\/en\/gdpr\/","title":{"rendered":"GDPR"},"content":{"rendered":"<div data-elementor-type=\"wp-page\" data-elementor-id=\"13321\" class=\"elementor elementor-13321\" data-elementor-post-type=\"page\">\n\t\t\t\t\t\t<section class=\"elementor-section elementor-top-section elementor-element elementor-element-c81c52f elementor-section-full_width elementor-section-height-default elementor-section-height-default\" data-id=\"c81c52f\" data-element_type=\"section\" data-e-type=\"section\">\n\t\t\t\t\t\t<div class=\"elementor-container elementor-column-gap-no\">\n\t\t\t\t\t<div class=\"elementor-column elementor-col-100 elementor-top-column elementor-element elementor-element-982593e\" data-id=\"982593e\" data-element_type=\"column\" data-e-type=\"column\">\n\t\t\t<div class=\"elementor-widget-wrap elementor-element-populated\">\n\t\t\t\t\t\t<div class=\"elementor-element elementor-element-1459e7c elementor--h-position-left elementor--v-position-top elementor-widget elementor-widget-slides\" data-id=\"1459e7c\" data-element_type=\"widget\" data-e-type=\"widget\" data-settings=\"{&quot;navigation&quot;:&quot;none&quot;,&quot;autoplay&quot;:&quot;yes&quot;,&quot;pause_on_hover&quot;:&quot;yes&quot;,&quot;pause_on_interaction&quot;:&quot;yes&quot;,&quot;autoplay_speed&quot;:5000,&quot;infinite&quot;:&quot;yes&quot;,&quot;transition&quot;:&quot;slide&quot;,&quot;transition_speed&quot;:500}\" data-widget_type=\"slides.default\">\n\t\t\t\t<div class=\"elementor-widget-container\">\n\t\t\t\t\t\t\t\t\t<div class=\"elementor-swiper\">\n\t\t\t\t\t<div class=\"elementor-slides-wrapper elementor-main-swiper swiper\" role=\"region\" aria-roledescription=\"carousel\" aria-label=\"Slides\" dir=\"ltr\" data-animation=\"\">\n\t\t\t\t<div class=\"swiper-wrapper elementor-slides\">\n\t\t\t\t\t\t\t\t\t\t<div class=\"elementor-repeater-item-33540e0 swiper-slide\" role=\"group\" aria-roledescription=\"slide\"><div class=\"swiper-slide-bg\" role=\"img\" aria-label=\"\"><\/div><div class=\"swiper-slide-inner\" ><div class=\"swiper-slide-contents\"><div class=\"elementor-slide-heading\">Legislativa<\/div><\/div><\/div><\/div>\t\t\t\t<\/div>\n\t\t\t\t\t\t\t<\/div>\n\t\t\t\t<\/div>\n\t\t\t\t\t\t\t\t<\/div>\n\t\t\t\t<\/div>\n\t\t\t\t\t<\/div>\n\t\t<\/div>\n\t\t\t\t\t<\/div>\n\t\t<\/section>\n\t\t\t\t<section class=\"elementor-section elementor-top-section elementor-element elementor-element-241e52f elementor-section-boxed elementor-section-height-default elementor-section-height-default\" data-id=\"241e52f\" data-element_type=\"section\" data-e-type=\"section\">\n\t\t\t\t\t\t<div class=\"elementor-container elementor-column-gap-default\">\n\t\t\t\t\t<div class=\"elementor-column elementor-col-100 elementor-top-column elementor-element elementor-element-e7cad8e\" data-id=\"e7cad8e\" data-element_type=\"column\" data-e-type=\"column\">\n\t\t\t<div class=\"elementor-widget-wrap elementor-element-populated\">\n\t\t\t\t\t\t<div class=\"elementor-element elementor-element-bb58978 elementor-widget elementor-widget-text-editor\" data-id=\"bb58978\" data-element_type=\"widget\" data-e-type=\"widget\" data-widget_type=\"text-editor.default\">\n\t\t\t\t<div class=\"elementor-widget-container\">\n\t\t\t\t\t\t\t\t\t<h5>VA\u0160E PR\u00c1VA V SOUVISLOSTI S OCHRANOU OSOBN\u00cdCH \u00daDAJ\u016e<\/h5><p>Sv\u00e1 pr\u00e1va m\u016f\u017eete uplatnit prost\u0159ednictv\u00edm kontakt\u016f uveden\u00fdch v\u00fd\u0161e v tomto dokumentu.<\/p><h6>PR\u00c1VO NA P\u0158\u00cdSTUP K \u00daDAJ\u016eM \u00a0<\/h6><p>M\u00e1te pr\u00e1vo vy\u017e\u00e1dat si p\u0159ehled \u00fadaj\u016f, kter\u00e9 o v\u00e1s zpracov\u00e1v\u00e1me.<\/p><h6>PR\u00c1VO NA OPRAVU \u00daDAJ\u016e \u00a0<\/h6><p>M\u00e1te pr\u00e1vo na aktualizaci a dopln\u011bn\u00ed \u00fadaj\u016f.<\/p><h6>PR\u00c1VO NA V\u00ddMAZ \u00daDAJ\u016e (PR\u00c1VO B\u00ddT ZAPOMENUT) \u00a0<\/h6><p>M\u00e1te pr\u00e1vo po\u017eadovat v\u00fdmaz sv\u00fdch \u00fadaj\u016f, pokud nejsou pot\u0159ebn\u00e9 pro \u00fa\u010del,\u00a0pro kter\u00fd byly zpracov\u00e1v\u00e1ny.<\/p><h6>PR\u00c1VO NA OMEZEN\u00cd ZPRACOV\u00c1N\u00cd \u00daDAJ\u016e\u00a0<\/h6><p>M\u00e1te pr\u00e1vo po\u017eadovat omezen\u00ed zpracov\u00e1n\u00ed, pokud pop\u00edr\u00e1te p\u0159esnost va\u0161ich\u00a0osobn\u00edch \u00fadaj\u016f nebo je jejich zpracov\u00e1n\u00ed protipr\u00e1vn\u00ed, ale odm\u00edt\u00e1te v\u00fdmaz takov\u00fdch osobn\u00edch \u00fadaj\u016f.<\/p><h6>PR\u00c1VO NA P\u0158ENOSITELNOST\u00a0OSOBN\u00cdCH \u00daDAJ\u016e \u00a0<\/h6><p>Pokud jste n\u00e1m poskytli \u00fadaje, jejich zpracov\u00e1n\u00ed je zalo\u017eeno na souhlasu a prov\u00e1d\u00ed se\u00a0automatizovan\u011b, m\u00e1te pr\u00e1vo od n\u00e1s z\u00edskat takov\u00e9 \u00fadaje ve strukturovan\u00e9m, b\u011b\u017en\u011b pou\u017e\u00edvan\u00e9m a strojov\u011b \u010diteln\u00e9m form\u00e1tu, a pr\u00e1vo p\u0159edat tyto \u00fadaje jin\u00e9mu spr\u00e1vci.<\/p><h6>PR\u00c1VO VZN\u00c9ST N\u00c1MITKU PROTI\u00a0<\/h6><p>M\u00e1te pr\u00e1vo kdykoli vzn\u00e9st n\u00e1mitku proti zpracov\u00e1n\u00ed osobn\u00edch \u00fadaj\u016f. V takov\u00e9m p\u0159\u00edpad\u011b ZPRACOV\u00c1N\u00cd OSOBN\u00cdCH \u00daDAJ\u016e \u00a0 Va\u0161e osobn\u00ed \u00fadaje ji\u017e nad\u00e1le nebudeme zpracov\u00e1vat pro tento \u00fa\u010del.<\/p><h6>ODVOL\u00c1N\u00cd SOUHLASU \u00a0<\/h6><p>Pokud jste n\u00e1m ud\u011blili souhlas, m\u016f\u017eete tento souhlas kdykoli odvolat.<\/p><h6>KOMU M\u016e\u017dEME \u00daDAJE ZP\u0158\u00cdSTUPNIT?<\/h6><p>\u00dadaje, kter\u00e9 jste n\u00e1m poskytli, jsou zp\u0159\u00edstupn\u011bny pouze spr\u00e1vci (v\u010detn\u011b jeho zam\u011bstnanc\u016f a osob v obdobn\u00e9m postaven\u00ed), a v rozsahu nezbytn\u00e9m pro jejich \u010dinnost, a zpracovatel\u016fm. Zpracov\u00e1n\u00ed osobn\u00edch \u00fadaj\u016f pro n\u00e1s prov\u00e1d\u011bj\u00ed pouze zpracovatel\u00e9, kte\u0159\u00ed s n\u00e1mi maj\u00ed uzav\u0159enu smlouvu o zpracov\u00e1n\u00ed osobn\u00edch \u00fadaj\u016f a jsou schopni technicky a organiza\u010dn\u011b zajistit ochranu p\u0159ed\u00e1van\u00fdch \u00fadaj\u016f.<\/p><h6>COOKIES<\/h6><p>Cookie je mal\u00fd textov\u00fd soubor, kter\u00fd se ulo\u017e\u00ed do Va\u0161eho po\u010d\u00edta\u010de nebo mobiln\u00edho za\u0159\u00edzen\u00ed p\u0159i n\u00e1v\u0161t\u011bv\u011b na\u0161\u00ed webov\u00e9 str\u00e1nky. Cookies jsou zpracov\u00e1ny zejm\u00e9na provozovateli server\u016f p\u0159\u00edslu\u0161n\u00fdch webov\u00fdch str\u00e1nek a d\u00e1le provozovateli reklamn\u00edch syst\u00e9m\u016f, kter\u00e9 jsou pou\u017eity na p\u0159\u00edslu\u0161n\u00fdch webov\u00fdch str\u00e1nk\u00e1ch. Cookies jsou zpracov\u00e1v\u00e1ny po dobu nezbytn\u011b nutnou k jejich vyu\u017eit\u00ed, maxim\u00e1ln\u011b v\u0161ak po dobu 1 roku ode dne vytvo\u0159en\u00ed p\u0159\u00edslu\u0161n\u00e9 cookie. \u017d\u00e1dn\u00e1 z na\u0161ich cookie nesb\u00edr\u00e1 a neobsahuje informace, je\u017e maj\u00ed povahu osobn\u00edch \u00fadaj\u016f a neumo\u017e\u0148uje tedy jakkoliv identifikovat Va\u0161i osobu. Webov\u00e9 prohl\u00ed\u017ee\u010de podporuj\u00ed spr\u00e1vu cookies. V r\u00e1mci nastaven\u00ed prohl\u00ed\u017ee\u010de m\u016f\u017eete jednotliv\u00e9 cookie ru\u010dn\u011b smazat, blokovat nebo zcela zak\u00e1zat. Pokud bude m\u00edt v\u00e1\u0161 prohl\u00ed\u017ee\u010d pou\u017eit\u00ed cookiespovoleno, budeme m\u00edt za to, \u017ee souhlas\u00edte s vyu\u017e\u00edv\u00e1n\u00edm standardn\u00edch cookies ze strany na\u0161ich server\u016f a webov\u00fdch str\u00e1nek.<\/p><h6>Z\u00c1V\u011aRE\u010cN\u00c1 USTANOVEN\u00cd<\/h6><p>Vyhrazujeme si pr\u00e1vo tyto z\u00e1sady m\u011bnit a dopl\u0148ovat. Posledn\u00ed aktualizace 20.5.2018<\/p>\t\t\t\t\t\t\t\t<\/div>\n\t\t\t\t<\/div>\n\t\t\t\t\t<\/div>\n\t\t<\/div>\n\t\t\t\t\t<\/div>\n\t\t<\/section>\n\t\t\t\t<\/div>","protected":false},"excerpt":{"rendered":"<p>Legislativa VA\u0160E PR\u00c1VA V SOUVISLOSTI S OCHRANOU OSOBN\u00cdCH \u00daDAJ\u016e Sv\u00e1 pr\u00e1va m\u016f\u017eete uplatnit prost\u0159ednictv\u00edm kontakt\u016f uveden\u00fdch v\u00fd\u0161e v tomto dokumentu. PR\u00c1VO NA P\u0158\u00cdSTUP K \u00daDAJ\u016eM \u00a0 M\u00e1te pr\u00e1vo vy\u017e\u00e1dat si p\u0159ehled \u00fadaj\u016f, kter\u00e9 o v\u00e1s zpracov\u00e1v\u00e1me. PR\u00c1VO NA OPRAVU \u00daDAJ\u016e \u00a0 M\u00e1te pr\u00e1vo na aktualizaci a dopln\u011bn\u00ed \u00fadaj\u016f. PR\u00c1VO NA V\u00ddMAZ \u00daDAJ\u016e (PR\u00c1VO B\u00ddT ZAPOMENUT) [&hellip;]<\/p>","protected":false},"author":1,"featured_media":0,"parent":0,"menu_order":0,"comment_status":"closed","ping_status":"closed","template":"","meta":{"footnotes":""},"class_list":["post-13321","page","type-page","status-publish","hentry"],"_links":{"self":[{"href":"https:\/\/special-covers.com\/en\/wp-json\/wp\/v2\/pages\/13321","targetHints":{"allow":["GET"]}}],"collection":[{"href":"https:\/\/special-covers.com\/en\/wp-json\/wp\/v2\/pages"}],"about":[{"href":"https:\/\/special-covers.com\/en\/wp-json\/wp\/v2\/types\/page"}],"author":[{"embeddable":true,"href":"https:\/\/special-covers.com\/en\/wp-json\/wp\/v2\/users\/1"}],"replies":[{"embeddable":true,"href":"https:\/\/special-covers.com\/en\/wp-json\/wp\/v2\/comments?post=13321"}],"version-history":[{"count":0,"href":"https:\/\/special-covers.com\/en\/wp-json\/wp\/v2\/pages\/13321\/revisions"}],"wp:attachment":[{"href":"https:\/\/special-covers.com\/en\/wp-json\/wp\/v2\/media?parent=13321"}],"curies":[{"name":"wp","href":"https:\/\/api.w.org\/{rel}","templated":true}]}}