{"id":13317,"date":"2022-02-21T14:29:14","date_gmt":"2022-02-21T13:29:14","guid":{"rendered":"https:\/\/special-covers.com\/?page_id=13317"},"modified":"2026-01-09T06:47:41","modified_gmt":"2026-01-09T05:47:41","slug":"kontakty","status":"publish","type":"page","link":"https:\/\/special-covers.com\/en\/kontakty\/","title":{"rendered":"Contacts"},"content":{"rendered":"<div data-elementor-type=\"wp-page\" data-elementor-id=\"13317\" class=\"elementor elementor-13317\" data-elementor-post-type=\"page\">\n\t\t\t\t\t\t<section class=\"elementor-section elementor-top-section elementor-element elementor-element-cb66325 elementor-section-full_width elementor-section-height-default elementor-section-height-default\" data-id=\"cb66325\" data-element_type=\"section\" data-e-type=\"section\">\n\t\t\t\t\t\t<div class=\"elementor-container elementor-column-gap-no\">\n\t\t\t\t\t<div class=\"elementor-column elementor-col-100 elementor-top-column elementor-element elementor-element-32e219e\" data-id=\"32e219e\" data-element_type=\"column\" data-e-type=\"column\">\n\t\t\t<div class=\"elementor-widget-wrap elementor-element-populated\">\n\t\t\t\t\t\t<div class=\"elementor-element elementor-element-9d08063 elementor--h-position-left elementor--v-position-top elementor-widget elementor-widget-slides\" data-id=\"9d08063\" data-element_type=\"widget\" data-e-type=\"widget\" data-settings=\"{&quot;navigation&quot;:&quot;none&quot;,&quot;autoplay&quot;:&quot;yes&quot;,&quot;pause_on_hover&quot;:&quot;yes&quot;,&quot;pause_on_interaction&quot;:&quot;yes&quot;,&quot;autoplay_speed&quot;:5000,&quot;infinite&quot;:&quot;yes&quot;,&quot;transition&quot;:&quot;slide&quot;,&quot;transition_speed&quot;:500}\" data-widget_type=\"slides.default\">\n\t\t\t\t<div class=\"elementor-widget-container\">\n\t\t\t\t\t\t\t\t\t<div class=\"elementor-swiper\">\n\t\t\t\t\t<div class=\"elementor-slides-wrapper elementor-main-swiper swiper\" role=\"region\" aria-roledescription=\"carousel\" aria-label=\"Slides\" dir=\"ltr\" data-animation=\"\">\n\t\t\t\t<div class=\"swiper-wrapper elementor-slides\">\n\t\t\t\t\t\t\t\t\t\t<div class=\"elementor-repeater-item-33540e0 swiper-slide\" role=\"group\" aria-roledescription=\"slide\"><div class=\"swiper-slide-bg\" role=\"img\" aria-label=\"SPECIAL COVERS_Kontakty_Banner\"><\/div><div class=\"swiper-slide-inner\" ><div class=\"swiper-slide-contents\"><div class=\"elementor-slide-heading\">Contacts<\/div><\/div><\/div><\/div>\t\t\t\t<\/div>\n\t\t\t\t\t\t\t<\/div>\n\t\t\t\t<\/div>\n\t\t\t\t\t\t\t\t<\/div>\n\t\t\t\t<\/div>\n\t\t\t\t\t<\/div>\n\t\t<\/div>\n\t\t\t\t\t<\/div>\n\t\t<\/section>\n\t\t\t\t<section class=\"elementor-section elementor-top-section elementor-element elementor-element-ba2fe4f elementor-section-boxed elementor-section-height-default elementor-section-height-default\" data-id=\"ba2fe4f\" data-element_type=\"section\" data-e-type=\"section\">\n\t\t\t\t\t\t<div class=\"elementor-container elementor-column-gap-default\">\n\t\t\t\t\t<div class=\"elementor-column elementor-col-100 elementor-top-column elementor-element elementor-element-db7520a\" data-id=\"db7520a\" data-element_type=\"column\" data-e-type=\"column\">\n\t\t\t<div class=\"elementor-widget-wrap elementor-element-populated\">\n\t\t\t\t\t\t<div class=\"elementor-element elementor-element-1dedbbf elementor-widget elementor-widget-text-editor\" data-id=\"1dedbbf\" data-element_type=\"widget\" data-e-type=\"widget\" data-widget_type=\"text-editor.default\">\n\t\t\t\t<div class=\"elementor-widget-container\">\n\t\t\t\t\t\t\t\t\t<p style=\"text-align: center;\">Please feel free to contact us by email or phone (Mon\u2013Fri 8:00 AM\u20136:00 PM) using the contact information below.<\/p>\t\t\t\t\t\t\t\t<\/div>\n\t\t\t\t<\/div>\n\t\t\t\t<div class=\"elementor-element elementor-element-dda6b82 elementor-widget elementor-widget-text-editor\" data-id=\"dda6b82\" data-element_type=\"widget\" data-e-type=\"widget\" data-widget_type=\"text-editor.default\">\n\t\t\t\t<div class=\"elementor-widget-container\">\n\t\t\t\t\t\t\t\t\t<p><strong>info@special-covers.com<\/strong><\/p>\t\t\t\t\t\t\t\t<\/div>\n\t\t\t\t<\/div>\n\t\t\t\t\t<\/div>\n\t\t<\/div>\n\t\t\t\t\t<\/div>\n\t\t<\/section>\n\t\t\t\t<section class=\"elementor-section elementor-top-section elementor-element elementor-element-554388c elementor-section-content-bottom elementor-section-boxed elementor-section-height-default elementor-section-height-default\" data-id=\"554388c\" data-element_type=\"section\" data-e-type=\"section\">\n\t\t\t\t\t\t<div class=\"elementor-container elementor-column-gap-default\">\n\t\t\t\t\t<div class=\"elementor-column elementor-col-50 elementor-top-column elementor-element elementor-element-8b14d3b\" data-id=\"8b14d3b\" data-element_type=\"column\" data-e-type=\"column\">\n\t\t\t<div class=\"elementor-widget-wrap elementor-element-populated\">\n\t\t\t\t\t\t<div class=\"elementor-element elementor-element-0586f70 elementor-widget elementor-widget-image\" data-id=\"0586f70\" data-element_type=\"widget\" data-e-type=\"widget\" data-widget_type=\"image.default\">\n\t\t\t\t<div class=\"elementor-widget-container\">\n\t\t\t\t\t\t\t\t\t\t\t\t\t\t\t<img fetchpriority=\"high\" decoding=\"async\" width=\"683\" height=\"1024\" src=\"https:\/\/special-covers.com\/wp-content\/uploads\/2024\/02\/JSF_0140-683x1024.jpeg\" class=\"attachment-large size-large wp-image-52731\" alt=\"\" srcset=\"https:\/\/special-covers.com\/wp-content\/uploads\/2024\/02\/JSF_0140-683x1024.jpeg 683w, https:\/\/special-covers.com\/wp-content\/uploads\/2024\/02\/JSF_0140-200x300.jpeg 200w, https:\/\/special-covers.com\/wp-content\/uploads\/2024\/02\/JSF_0140-768x1151.jpeg 768w, https:\/\/special-covers.com\/wp-content\/uploads\/2024\/02\/JSF_0140-600x899.jpeg 600w, https:\/\/special-covers.com\/wp-content\/uploads\/2024\/02\/JSF_0140.jpeg 854w\" sizes=\"(max-width: 683px) 100vw, 683px\" \/>\t\t\t\t\t\t\t\t\t\t\t\t\t\t\t<\/div>\n\t\t\t\t<\/div>\n\t\t\t\t<div class=\"elementor-element elementor-element-5e492d3 elementor-widget elementor-widget-text-editor\" data-id=\"5e492d3\" data-element_type=\"widget\" data-e-type=\"widget\" data-widget_type=\"text-editor.default\">\n\t\t\t\t<div class=\"elementor-widget-container\">\n\t\t\t\t\t\t\t\t\t<p>LUK\u00c1\u0160 KOTFALD<\/p>\t\t\t\t\t\t\t\t<\/div>\n\t\t\t\t<\/div>\n\t\t\t\t<div class=\"elementor-element elementor-element-9a77020 elementor-widget elementor-widget-text-editor\" data-id=\"9a77020\" data-element_type=\"widget\" data-e-type=\"widget\" data-widget_type=\"text-editor.default\">\n\t\t\t\t<div class=\"elementor-widget-container\">\n\t\t\t\t\t\t\t\t\t<p>CEO<\/p>\t\t\t\t\t\t\t\t<\/div>\n\t\t\t\t<\/div>\n\t\t\t\t<div class=\"elementor-element elementor-element-5bf7115 elementor-widget elementor-widget-text-editor\" data-id=\"5bf7115\" data-element_type=\"widget\" data-e-type=\"widget\" data-widget_type=\"text-editor.default\">\n\t\t\t\t<div class=\"elementor-widget-container\">\n\t\t\t\t\t\t\t\t\t<p>+420 775 717 997<br \/>lukas@special-covers.com<\/p>\t\t\t\t\t\t\t\t<\/div>\n\t\t\t\t<\/div>\n\t\t\t\t\t<\/div>\n\t\t<\/div>\n\t\t\t\t<div class=\"elementor-column elementor-col-50 elementor-top-column elementor-element elementor-element-40f7545\" data-id=\"40f7545\" data-element_type=\"column\" data-e-type=\"column\">\n\t\t\t<div class=\"elementor-widget-wrap elementor-element-populated\">\n\t\t\t\t\t\t<div class=\"elementor-element elementor-element-5ebe36e elementor-widget elementor-widget-image\" data-id=\"5ebe36e\" data-element_type=\"widget\" data-e-type=\"widget\" data-widget_type=\"image.default\">\n\t\t\t\t<div class=\"elementor-widget-container\">\n\t\t\t\t\t\t\t\t\t\t\t\t\t\t\t<img decoding=\"async\" width=\"683\" height=\"1024\" data-src=\"https:\/\/special-covers.com\/wp-content\/uploads\/2024\/02\/JSF_0168-683x1024.jpeg\" class=\"attachment-large size-large wp-image-52730 lazyload\" alt=\"\" data-srcset=\"https:\/\/special-covers.com\/wp-content\/uploads\/2024\/02\/JSF_0168-683x1024.jpeg 683w, https:\/\/special-covers.com\/wp-content\/uploads\/2024\/02\/JSF_0168-200x300.jpeg 200w, https:\/\/special-covers.com\/wp-content\/uploads\/2024\/02\/JSF_0168-768x1151.jpeg 768w, https:\/\/special-covers.com\/wp-content\/uploads\/2024\/02\/JSF_0168-600x899.jpeg 600w, https:\/\/special-covers.com\/wp-content\/uploads\/2024\/02\/JSF_0168.jpeg 854w\" data-sizes=\"(max-width: 683px) 100vw, 683px\" src=\"data:image\/svg+xml;base64,PHN2ZyB3aWR0aD0iMSIgaGVpZ2h0PSIxIiB4bWxucz0iaHR0cDovL3d3dy53My5vcmcvMjAwMC9zdmciPjwvc3ZnPg==\" style=\"--smush-placeholder-width: 683px; --smush-placeholder-aspect-ratio: 683\/1024;\" \/>\t\t\t\t\t\t\t\t\t\t\t\t\t\t\t<\/div>\n\t\t\t\t<\/div>\n\t\t\t\t<div class=\"elementor-element elementor-element-6d9fb88 elementor-widget elementor-widget-text-editor\" data-id=\"6d9fb88\" data-element_type=\"widget\" data-e-type=\"widget\" data-widget_type=\"text-editor.default\">\n\t\t\t\t<div class=\"elementor-widget-container\">\n\t\t\t\t\t\t\t\t\t<p>EVA KOTFALDOV\u00c1<\/p>\t\t\t\t\t\t\t\t<\/div>\n\t\t\t\t<\/div>\n\t\t\t\t<div class=\"elementor-element elementor-element-fa45d2e elementor-widget elementor-widget-text-editor\" data-id=\"fa45d2e\" data-element_type=\"widget\" data-e-type=\"widget\" data-widget_type=\"text-editor.default\">\n\t\t\t\t<div class=\"elementor-widget-container\">\n\t\t\t\t\t\t\t\t\t<p>KEY ACCOUNT MANAGER<\/p>\t\t\t\t\t\t\t\t<\/div>\n\t\t\t\t<\/div>\n\t\t\t\t<div class=\"elementor-element elementor-element-64ce045 elementor-widget elementor-widget-text-editor\" data-id=\"64ce045\" data-element_type=\"widget\" data-e-type=\"widget\" data-widget_type=\"text-editor.default\">\n\t\t\t\t<div class=\"elementor-widget-container\">\n\t\t\t\t\t\t\t\t\t<p>+420 728 584 620<br \/>eva@special-covers.com<\/p>\t\t\t\t\t\t\t\t<\/div>\n\t\t\t\t<\/div>\n\t\t\t\t\t<\/div>\n\t\t<\/div>\n\t\t\t\t\t<\/div>\n\t\t<\/section>\n\t\t\t\t<section class=\"elementor-section elementor-top-section elementor-element elementor-element-1db76c04 elementor-section-boxed elementor-section-height-default elementor-section-height-default\" data-id=\"1db76c04\" data-element_type=\"section\" data-e-type=\"section\">\n\t\t\t\t\t\t<div class=\"elementor-container elementor-column-gap-default\">\n\t\t\t\t\t<div class=\"elementor-column elementor-col-100 elementor-top-column elementor-element elementor-element-31705f2b\" data-id=\"31705f2b\" data-element_type=\"column\" data-e-type=\"column\">\n\t\t\t<div class=\"elementor-widget-wrap elementor-element-populated\">\n\t\t\t\t\t\t<div class=\"elementor-element elementor-element-68caece elementor-widget elementor-widget-text-editor\" data-id=\"68caece\" data-element_type=\"widget\" data-e-type=\"widget\" data-widget_type=\"text-editor.default\">\n\t\t\t\t<div class=\"elementor-widget-container\">\n\t\t\t\t\t\t\t\t\t<p style=\"text-align: center;\">SPECIAL COVERS s. r. o.<\/p><p style=\"text-align: center;\">Kolomuty \u010d.p. 155, 293 01, \u010cesk\u00e1 republika<br \/>I\u010cO: 107 49 713<br \/>DI\u010c: CZ10749713<\/p><p style=\"text-align: center;\">registered in the Commercial Register maintained by the Municipal Court in Prague, Section C, File No. 347075<\/p>\t\t\t\t\t\t\t\t<\/div>\n\t\t\t\t<\/div>\n\t\t\t\t\t<\/div>\n\t\t<\/div>\n\t\t\t\t\t<\/div>\n\t\t<\/section>\n\t\t\t\t<\/div>","protected":false},"excerpt":{"rendered":"<p>Kontakty Nev\u00e1hejte n\u00e1s kontaktovat prost\u0159ednictv\u00edm emailu nebo telefonicky (PO\/P\u00c1 08:00 \u2013 18:00) na n\u00ed\u017ee uveden\u00fdch kontaktech. info@special-covers.com LUK\u00c1\u0160 KOTFALD CEO +420 775 717 997lukas@special-covers.com EVA KOTFALDOV\u00c1 KEY ACCOUNT MANAGER +420 728 584 620eva@special-covers.com SPECIAL COVERS s. r. o. Kolomuty \u010d.p. 155, 293 01, \u010cesk\u00e1 republikaI\u010cO: 107 49 713DI\u010c: CZ10749713 zapsan\u00e1 v\u00a0obchodn\u00edm rejst\u0159\u00edku veden\u00e9m M\u011bstsk\u00fdm soudem [&hellip;]<\/p>","protected":false},"author":1,"featured_media":0,"parent":0,"menu_order":0,"comment_status":"closed","ping_status":"closed","template":"","meta":{"footnotes":""},"class_list":["post-13317","page","type-page","status-publish","hentry"],"_links":{"self":[{"href":"https:\/\/special-covers.com\/en\/wp-json\/wp\/v2\/pages\/13317","targetHints":{"allow":["GET"]}}],"collection":[{"href":"https:\/\/special-covers.com\/en\/wp-json\/wp\/v2\/pages"}],"about":[{"href":"https:\/\/special-covers.com\/en\/wp-json\/wp\/v2\/types\/page"}],"author":[{"embeddable":true,"href":"https:\/\/special-covers.com\/en\/wp-json\/wp\/v2\/users\/1"}],"replies":[{"embeddable":true,"href":"https:\/\/special-covers.com\/en\/wp-json\/wp\/v2\/comments?post=13317"}],"version-history":[{"count":0,"href":"https:\/\/special-covers.com\/en\/wp-json\/wp\/v2\/pages\/13317\/revisions"}],"wp:attachment":[{"href":"https:\/\/special-covers.com\/en\/wp-json\/wp\/v2\/media?parent=13317"}],"curies":[{"name":"wp","href":"https:\/\/api.w.org\/{rel}","templated":true}]}}